{"id":4,"date":"2016-02-12T07:54:41","date_gmt":"2016-02-12T07:54:41","guid":{"rendered":"http:\/\/demos.famethemes.com\/onepress-plus\/?page_id=4"},"modified":"2021-08-06T10:55:25","modified_gmt":"2021-08-06T10:55:25","slug":"home","status":"publish","type":"page","link":"https:\/\/vega-transport.com\/pl\/","title":{"rendered":"Home"},"content":{"rendered":"","protected":false},"excerpt":{"rendered":"","protected":false},"author":2,"featured_media":1400,"parent":0,"menu_order":0,"comment_status":"closed","ping_status":"closed","template":"template-frontpage.php","meta":[],"yoast_head":"<!-- This site is optimized with the Yoast SEO plugin v16.6.1 - https:\/\/yoast.com\/wordpress\/plugins\/seo\/ -->\n<title>Vega Transport - przew\u00f3z drogowy, transport ADR, spedycja<\/title>\n<meta name=\"description\" content=\"Z Vega Transport ca\u0142a Europa jest w Twoim zasi\u0119gu (tak\u017ce Rosja i kraje WNP)! Sprawd\u017a nasze us\u0142ugi i\u2026 b\u0105d\u017a spokojny - wszystko dotrze na czas.\" \/>\n<meta name=\"robots\" content=\"index, follow, max-snippet:-1, max-image-preview:large, max-video-preview:-1\" \/>\n<link rel=\"canonical\" href=\"https:\/\/vega-transport.com\/pl\/\" \/>\n<meta property=\"og:locale\" content=\"pl_PL\" \/>\n<meta property=\"og:type\" content=\"article\" \/>\n<meta property=\"og:title\" content=\"Vega Transport - przew\u00f3z drogowy, transport ADR, spedycja\" \/>\n<meta property=\"og:description\" content=\"Z Vega Transport ca\u0142a Europa jest w Twoim zasi\u0119gu (tak\u017ce Rosja i kraje WNP)! Sprawd\u017a nasze us\u0142ugi i\u2026 b\u0105d\u017a spokojny - wszystko dotrze na czas.\" \/>\n<meta property=\"og:url\" content=\"https:\/\/vega-transport.com\/pl\/\" \/>\n<meta property=\"og:site_name\" content=\"Vega Transport\" \/>\n<meta property=\"article:modified_time\" content=\"2021-08-06T10:55:25+00:00\" \/>\n<meta property=\"og:image\" content=\"https:\/\/vega-transport.com\/pl\/wp-content\/uploads\/2021\/07\/DSC_9331-Edit.jpg\" \/>\n\t<meta property=\"og:image:width\" content=\"1200\" \/>\n\t<meta property=\"og:image:height\" content=\"801\" \/>\n<meta name=\"twitter:card\" content=\"summary_large_image\" \/>\n<script type=\"application\/ld+json\" class=\"yoast-schema-graph\">{\"@context\":\"https:\/\/schema.org\",\"@graph\":[{\"@type\":\"WebSite\",\"@id\":\"https:\/\/vega-transport.com\/pl\/#website\",\"url\":\"https:\/\/vega-transport.com\/pl\/\",\"name\":\"Vega Transport\",\"description\":\"All of Europe within the reach!\",\"potentialAction\":[{\"@type\":\"SearchAction\",\"target\":{\"@type\":\"EntryPoint\",\"urlTemplate\":\"https:\/\/vega-transport.com\/pl\/?s={search_term_string}\"},\"query-input\":\"required name=search_term_string\"}],\"inLanguage\":\"pl-PL\"},{\"@type\":\"ImageObject\",\"@id\":\"https:\/\/vega-transport.com\/pl\/#primaryimage\",\"inLanguage\":\"pl-PL\",\"url\":\"https:\/\/vega-transport.com\/pl\/wp-content\/uploads\/2021\/07\/DSC_9331-Edit.jpg\",\"contentUrl\":\"https:\/\/vega-transport.com\/pl\/wp-content\/uploads\/2021\/07\/DSC_9331-Edit.jpg\",\"width\":1200,\"height\":801,\"caption\":\"Vega Transport 6\"},{\"@type\":\"WebPage\",\"@id\":\"https:\/\/vega-transport.com\/pl\/#webpage\",\"url\":\"https:\/\/vega-transport.com\/pl\/\",\"name\":\"Vega Transport - przew\\u00f3z drogowy, transport ADR, spedycja\",\"isPartOf\":{\"@id\":\"https:\/\/vega-transport.com\/pl\/#website\"},\"primaryImageOfPage\":{\"@id\":\"https:\/\/vega-transport.com\/pl\/#primaryimage\"},\"datePublished\":\"2016-02-12T07:54:41+00:00\",\"dateModified\":\"2021-08-06T10:55:25+00:00\",\"description\":\"Z Vega Transport ca\\u0142a Europa jest w Twoim zasi\\u0119gu (tak\\u017ce Rosja i kraje WNP)! Sprawd\\u017a nasze us\\u0142ugi i\\u2026 b\\u0105d\\u017a spokojny - wszystko dotrze na czas.\",\"breadcrumb\":{\"@id\":\"https:\/\/vega-transport.com\/pl\/#breadcrumb\"},\"inLanguage\":\"pl-PL\",\"potentialAction\":[{\"@type\":\"ReadAction\",\"target\":[\"https:\/\/vega-transport.com\/pl\/\"]}]},{\"@type\":\"BreadcrumbList\",\"@id\":\"https:\/\/vega-transport.com\/pl\/#breadcrumb\",\"itemListElement\":[{\"@type\":\"ListItem\",\"position\":1,\"name\":\"Strona g\\u0142\\u00f3wna\",\"item\":\"https:\/\/vega-transport.com\/pl\/\"},{\"@type\":\"ListItem\",\"position\":2,\"name\":\"Home\"}]}]}<\/script>\n<!-- \/ Yoast SEO plugin. -->","_links":{"self":[{"href":"https:\/\/vega-transport.com\/pl\/wp-json\/wp\/v2\/pages\/4"}],"collection":[{"href":"https:\/\/vega-transport.com\/pl\/wp-json\/wp\/v2\/pages"}],"about":[{"href":"https:\/\/vega-transport.com\/pl\/wp-json\/wp\/v2\/types\/page"}],"author":[{"embeddable":true,"href":"https:\/\/vega-transport.com\/pl\/wp-json\/wp\/v2\/users\/2"}],"replies":[{"embeddable":true,"href":"https:\/\/vega-transport.com\/pl\/wp-json\/wp\/v2\/comments?post=4"}],"version-history":[{"count":1,"href":"https:\/\/vega-transport.com\/pl\/wp-json\/wp\/v2\/pages\/4\/revisions"}],"predecessor-version":[{"id":1639,"href":"https:\/\/vega-transport.com\/pl\/wp-json\/wp\/v2\/pages\/4\/revisions\/1639"}],"wp:featuredmedia":[{"embeddable":true,"href":"https:\/\/vega-transport.com\/pl\/wp-json\/wp\/v2\/media\/1400"}],"wp:attachment":[{"href":"https:\/\/vega-transport.com\/pl\/wp-json\/wp\/v2\/media?parent=4"}],"curies":[{"name":"wp","href":"https:\/\/api.w.org\/{rel}","templated":true}]}}